{"id":2825,"date":"2018-05-18T19:00:06","date_gmt":"2018-05-18T17:00:06","guid":{"rendered":"https:\/\/fundacionpalarq.com\/politica-de-cookies\/"},"modified":"2021-02-03T14:53:03","modified_gmt":"2021-02-03T12:53:03","slug":"cookies-policy","status":"publish","type":"page","link":"https:\/\/fundacionpalarq.com\/en\/cookies-policy\/","title":{"rendered":"Cookies policy"},"content":{"rendered":"<div class=\"has-content-area\" data-url=\"https:\/\/knowalzheimer.com\/?p=18279\" data-title=\"Pol\u00edtica de cookies\">\n<p>Esta web utiliza cookies propias y de terceros para para las finalidades que se detallan m\u00e1s adelante en la relaci\u00f3n de cookies de esta web.<\/p>\n<p>Nuestra Pol\u00edtica de Cookies est\u00e1 sujeta a actualizaciones peri\u00f3dicas. Su prop\u00f3sito es ayudarle a comprender el uso que hacemos de las cookies, la finalidad de las cookies utilizadas, as\u00ed como las opciones que tiene el usuario para gestionarlas.<\/p>\n<p>Los usuarios podr\u00e1n, en cualquier momento, revocar el consentimiento o modificar sus preferencias sobre la aceptaci\u00f3n o rechazo de las cookies a trav\u00e9s del panel de configuraci\u00f3n -click en gesti\u00f3n de cookies- o bien bloquear o eliminar las cookies a trav\u00e9s de las opciones de su navegador<\/p>\n<h4>\u00bfQu\u00e9 es una Cookie?<\/h4>\n<p>Una \u201cCookie\u201d es un peque\u00f1o archivo de texto que un sitio web almacena en el navegador del usuario. Las cookies facilitan el uso y la navegaci\u00f3n por una p\u00e1gina web y son esenciales para el funcionamiento de internet, aportando innumerables ventajas en la prestaci\u00f3n de servicios interactivos<br \/>\nLas cookies se utilizan, por ejemplo, para gestionar la sesi\u00f3n del usuario (reduciendo el n\u00famero de veces que tiene que incluir su contrase\u00f1a), mejorar los servicios ofrecidos, o para adecuar los contenidos de una p\u00e1gina web a sus preferencias.<\/p>\n<p>Las cookies pueden ser de \u201csesi\u00f3n\u201d, por lo que se borrar\u00e1n una vez el usuario abandone la p\u00e1gina web que las gener\u00f3 o \u201cpersistentes\u201d, que permanecen en su ordenador hasta una fecha determinada.<\/p>\n<p>Asimismo las Cookies pueden ser \u201cpropias\u201d, gestionadas por el dominio al que el usuario accede y del que solicita un determinado servicio (en este caso los dominios titularidad de Fundaci\u00f3n Palarq) o \u201ccookies de terceros\u201d, enviadas al equipo de usuario desde un dominio diferente al que se accede.<\/p>\n<h4>Cookies utilizadas:<\/h4>\n<table class=\"cookielawinfo-row-cat-table cookielawinfo-winter\">\n<thead>\n<tr>\n<th class=\"cookielawinfo-column-1\">Cookie<\/th>\n<th class=\"cookielawinfo-column-2\">Tipo<\/th>\n<th class=\"cookielawinfo-column-3\">Duraci\u00f3n<\/th>\n<th class=\"cookielawinfo-column-4\">Descripci\u00f3n<\/th>\n<\/tr>\n<\/thead>\n<tbody>\n<tr class=\"cookielawinfo-row\">\n<td class=\"cookielawinfo-column-1\">__cfduid<\/td>\n<td class=\"cookielawinfo-column-2\">third party<\/td>\n<td class=\"cookielawinfo-column-3\">30 d\u00edas<\/td>\n<td class=\"cookielawinfo-column-4\">Utilizada por la extensi\u00f3n Add To Any para compartir contenido en redes sociales.<\/td>\n<\/tr>\n<tr class=\"cookielawinfo-row\">\n<td class=\"cookielawinfo-column-1\">_ga<\/td>\n<td class=\"cookielawinfo-column-2\">third party<\/td>\n<td class=\"cookielawinfo-column-3\">730 d\u00edas<\/td>\n<td class=\"cookielawinfo-column-4\">Esta cookie es instalada por Google Analytics. La cookie se utiliza para calcular los datos de visitantes, sesiones y campa\u00f1as y realizar un seguimiento del uso del sitio para el informe de an\u00e1lisis del sitio. Las cookies almacenan informaci\u00f3n de forma an\u00f3nima y asignan un n\u00famero generado aleatoriamente para identificar visitantes \u00fanicos.<\/td>\n<\/tr>\n<tr class=\"cookielawinfo-row\">\n<td class=\"cookielawinfo-column-1\">_gid<\/td>\n<td class=\"cookielawinfo-column-2\">third party<\/td>\n<td class=\"cookielawinfo-column-3\">1 d\u00eda<\/td>\n<td class=\"cookielawinfo-column-4\">Esta cookie es instalada por Google Analytics. La cookie se utiliza para almacenar informaci\u00f3n sobre c\u00f3mo los visitantes usan un sitio web y ayuda a crear un informe anal\u00edtico de c\u00f3mo est\u00e1 funcionando el sitio web. Los datos recopilados, incluido el n\u00famero de visitantes, la fuente de donde provienen y las p\u00e1ginas, se muestran de forma an\u00f3nima.<\/td>\n<\/tr>\n<tr class=\"cookielawinfo-row\">\n<td class=\"cookielawinfo-column-1\">cookielawinfo-checkbox-necessary<\/td>\n<td class=\"cookielawinfo-column-2\">persistent<\/td>\n<td class=\"cookielawinfo-column-3\">1 a\u00f1o<\/td>\n<td class=\"cookielawinfo-column-4\">Esta cookie est\u00e1 configurada por el complemento de consentimiento de cookies de GDPR. Las cookies se utilizan para almacenar el consentimiento del usuario para las cookies en la categor\u00eda &#8221;Necesarias&#8221;.<\/td>\n<\/tr>\n<tr class=\"cookielawinfo-row\">\n<td class=\"cookielawinfo-column-1\">cookielawinfo-checkbox-non-necessary<\/td>\n<td class=\"cookielawinfo-column-2\">persistent<\/td>\n<td class=\"cookielawinfo-column-3\">1 a\u00f1o<\/td>\n<td class=\"cookielawinfo-column-4\">Esta cookie est\u00e1 configurada por el complemento de consentimiento de cookies de GDPR. Las cookies se utilizan para almacenar el consentimiento del usuario para las cookies en la categor\u00eda &#8221;No necesarias&#8221;.<\/td>\n<\/tr>\n<tr class=\"cookielawinfo-row\">\n<td class=\"cookielawinfo-column-1\">IDE<\/td>\n<td class=\"cookielawinfo-column-2\">third party<\/td>\n<td class=\"cookielawinfo-column-3\">1 a\u00f1o<\/td>\n<td class=\"cookielawinfo-column-4\">Utilizada por Google DoubleClick y almacena informaci\u00f3n sobre c\u00f3mo el usuario utiliza el sitio web y cualquier otro anuncio antes de visitar el sitio web. Se utiliza para presentar a los usuarios anuncios que son relevantes para ellos de acuerdo con el perfil del usuario.<\/td>\n<\/tr>\n<tr class=\"cookielawinfo-row\">\n<td class=\"cookielawinfo-column-1\">VISITOR_INFO1_LIVE<\/td>\n<td class=\"cookielawinfo-column-2\">third party<\/td>\n<td class=\"cookielawinfo-column-3\">180 d\u00edas<\/td>\n<td class=\"cookielawinfo-column-4\">Youtube establece esta cookie. Se utiliza para rastrear la informaci\u00f3n de los videos de YouTube incrustados en un sitio web.<\/td>\n<\/tr>\n<tr class=\"cookielawinfo-row\">\n<td class=\"cookielawinfo-column-1\">wp-wpml_current_language<\/td>\n<td class=\"cookielawinfo-column-2\">session<\/td>\n<td class=\"cookielawinfo-column-3\">1 d\u00eda<\/td>\n<td class=\"cookielawinfo-column-4\">Conserva la selecci\u00f3n de idioma.<\/td>\n<\/tr>\n<\/tbody>\n<\/table>\n<p><strong>1. Cookies Anal\u00edticas<\/strong><br \/>\nEsta web utiliza cookies anal\u00edticas para recabar estad\u00edsticas sobre la actividad del usuario al visitar la p\u00e1gina y la actividad general de la misma. La informaci\u00f3n recopilada es an\u00f3nima y permite optimizar la navegaci\u00f3n por nuestra p\u00e1gina web y garantizar el mejor servicio al usuario. Utilizamos cookies de terceros (<a href=\"https:\/\/analytics.google.com\" target=\"_blank\" rel=\"noopener noreferrer\">Google Analytics<\/a> y <a href=\"https:\/\/wordpress.com\/es\/\" target=\"_blank\" rel=\"noopener noreferrer\">WordPress<\/a>) para el an\u00e1lisis de nuestra p\u00e1gina. El usuario puede excluir su actividad mediante los sistemas de exclusi\u00f3n facilitados por las herramientas anal\u00edticas.<\/p>\n<p><strong>2. Cookies de uso interno<\/strong><br \/>\nEsta web utiliza cookies de uso interno para el funcionamiento de la web. En concreto esta web utiliza cookies para: permitir la autenticaci\u00f3n del usuario; el mantenimiento de la sesi\u00f3n cuando navega por la p\u00e1gina; la contrataci\u00f3n de un producto o servicio; establecer las preferencias del idioma seleccionadas por el usuario o gestionar el acceso del usuario al centro de soporte. La desactivaci\u00f3n de estas cookies puede afectar o dificultar el funcionamiento correcto de algunas de las funcionalidades de la web.<\/p>\n<p><strong>3. Cookies usadas por redes sociales<\/strong><br \/>\nEsta web ha instalado botones de redes sociales que permiten al usuario compartir contenidos de su inter\u00e9s con su c\u00edrculo social. Las cookies utilizadas por redes sociales evitan que el usuario tenga que introducir nuevamente sus datos para compartir dichos contenidos. Dichos botones no tienen acceso a los datos introducidos por los usuarios al compartir un contenido en una red social.<\/p>\n<p><strong>4. Cookies usadas por complementos externos de contenido<\/strong><br \/>\nEsta web ofrece a los usuarios contenidos o servicios proporcionados por terceros proveedores, como por ejemplo, v\u00eddeos alojados en <a href=\"https:\/\/www.youtube.com\/\" target=\"_blank\" rel=\"noopener noreferrer\">Youtube<\/a> o aplicaciones de <a href=\"https:\/\/www.google.es\/maps\/\" target=\"_blank\" rel=\"noopener noreferrer\">Google Maps<\/a>, para la localizaci\u00f3n de las oficinas de Fundaci\u00f3n Palarq. Las cookies utilizadas por estos proveedores son necesarias para que el usuario pueda acceder a dicho servicio y se rigen por lo dispuesto en sus respectivas pol\u00edticas de cookies.<br \/>\nDe conformidad con sus propias pol\u00edticas, algunos gestores de publicidad online pueden utilizar las cookies an\u00f3nimas para mostrar anuncios de su inter\u00e9s cuando visite otras p\u00e1ginas web. No obstante los usuarios pueden gestionar la aceptaci\u00f3n o no de dichas cookies mediante la configuraci\u00f3n de su navegador. Para saber m\u00e1s sobre publicidad basada en el comportamiento puede visitar <a href=\"https:\/\/www.youronlinechoices.com\/es\/\" target=\"_blank\" rel=\"noopener noreferrer\">Youronlinechoices<\/a>. A trav\u00e9s de esta p\u00e1gina puede modificar y gestionar sus preferencias en relaci\u00f3n con la publicidad comportamental.<\/p>\n<h4>Garant\u00edas y opciones sobre las Cookies<\/h4>\n<p>En todo momento el usuario tiene la posibilidad de aceptar o rechazar la instalaci\u00f3n de cookies, o bien configurar sus preferencias en la instalaci\u00f3n de cookies, como las cookies de publicidad y de terceros, as\u00ed como eliminar despu\u00e9s de cada sesi\u00f3n todas o algunas de las cookies almacenadas.<\/p>\n<p>Asimismo el usuario puede activar:<\/p>\n<ul>\n<li>La navegaci\u00f3n privada, mediante la cual su navegador deja de guardar el historial de navegaci\u00f3n, contrase\u00f1as de sitios web, cookies y otra informaci\u00f3n de las p\u00e1ginas que visita.<\/li>\n<li>La funci\u00f3n de no rastrear, por la que el navegador pide a los sitios web que visita que no rastreen sus h\u00e1bitos de navegaci\u00f3n, para por ejemplo, servirle publicidad de su inter\u00e9s en los sitios que visita.<\/li>\n<\/ul>\n<p>Le recomendamos que consulte la ayuda de su navegador para informarse de las diferentes opciones sobre c\u00f3mo gestionar las cookies. A continuaci\u00f3n incluimos los v\u00ednculos para gestionar cookies en los navegadores m\u00e1s relevantes:<br \/>\n1. <a href=\"https:\/\/www.microsoft.com\/es-es\/download\/internet-explorer.aspx\" target=\"_blank\" rel=\"noopener noreferrer\">Internet Explorer<\/a><br \/>\n2. <a href=\"https:\/\/www.mozilla.org\/es-ES\/firefox\/new\/\" target=\"_blank\" rel=\"noopener noreferrer\">Firefox<\/a><br \/>\n3. <a href=\"https:\/\/www.apple.com\/es\/safari\/\" target=\"_blank\" rel=\"noopener noreferrer\">Safari<\/a><br \/>\n4. <a href=\"https:\/\/www.google.es\/chrome\/index.html\" target=\"_blank\" rel=\"noopener noreferrer\">Google Chrome<\/a><\/p>\n<p>Tenga en cuenta que el bloqueo de cookies puede afectar a todas o algunas de las funcionalidades de nuestra web.<\/p>\n<\/div>\n","protected":false},"excerpt":{"rendered":"<p>Esta web utiliza cookies propias y de terceros para para las finalidades que se detallan m\u00e1s adelante en la relaci\u00f3n de cookies de esta web. Nuestra Pol\u00edtica de Cookies est\u00e1 sujeta a actualizaciones peri\u00f3dicas. Su prop\u00f3sito es ayudarle a comprender el uso que hacemos de las cookies, la finalidad de las cookies utilizadas, as\u00ed como&hellip;<\/p>\n","protected":false},"author":1,"featured_media":0,"parent":0,"menu_order":0,"comment_status":"closed","ping_status":"closed","template":"","meta":{"footnotes":"","_links_to":"","_links_to_target":""},"class_list":["post-2825","page","type-page","status-publish","hentry","description-off"],"yoast_head":"<!-- This site is optimized with the Yoast SEO plugin v27.4 - https:\/\/yoast.com\/product\/yoast-seo-wordpress\/ -->\n<title>Cookies policy - Fundaci\u00f3n Palarq<\/title>\n<meta name=\"robots\" content=\"index, follow, max-snippet:-1, max-image-preview:large, max-video-preview:-1\" \/>\n<link rel=\"canonical\" href=\"https:\/\/fundacionpalarq.com\/en\/cookies-policy\/\" \/>\n<meta property=\"og:locale\" content=\"en_US\" \/>\n<meta property=\"og:type\" content=\"article\" \/>\n<meta property=\"og:title\" content=\"Cookies policy - Fundaci\u00f3n Palarq\" \/>\n<meta property=\"og:description\" content=\"Esta web utiliza cookies propias y de terceros para para las finalidades que se detallan m\u00e1s adelante en la relaci\u00f3n de cookies de esta web. Nuestra Pol\u00edtica de Cookies est\u00e1 sujeta a actualizaciones peri\u00f3dicas. Su prop\u00f3sito es ayudarle a comprender el uso que hacemos de las cookies, la finalidad de las cookies utilizadas, as\u00ed como&hellip;\" \/>\n<meta property=\"og:url\" content=\"https:\/\/fundacionpalarq.com\/en\/cookies-policy\/\" \/>\n<meta property=\"og:site_name\" content=\"Fundaci\u00f3n Palarq\" \/>\n<meta property=\"article:publisher\" content=\"https:\/\/www.facebook.com\/FundacionPalarq\" \/>\n<meta property=\"article:modified_time\" content=\"2021-02-03T12:53:03+00:00\" \/>\n<meta name=\"twitter:card\" content=\"summary_large_image\" \/>\n<meta name=\"twitter:site\" content=\"@FundacionPalarq\" \/>\n<meta name=\"twitter:label1\" content=\"Est. reading time\" \/>\n\t<meta name=\"twitter:data1\" content=\"6 minutes\" \/>\n<script type=\"application\/ld+json\" class=\"yoast-schema-graph\">{\"@context\":\"https:\\\/\\\/schema.org\",\"@graph\":[{\"@type\":\"WebPage\",\"@id\":\"https:\\\/\\\/fundacionpalarq.com\\\/en\\\/cookies-policy\\\/\",\"url\":\"https:\\\/\\\/fundacionpalarq.com\\\/en\\\/cookies-policy\\\/\",\"name\":\"Cookies policy - Fundaci\u00f3n Palarq\",\"isPartOf\":{\"@id\":\"https:\\\/\\\/fundacionpalarq.com\\\/en\\\/#website\"},\"datePublished\":\"2018-05-18T17:00:06+00:00\",\"dateModified\":\"2021-02-03T12:53:03+00:00\",\"breadcrumb\":{\"@id\":\"https:\\\/\\\/fundacionpalarq.com\\\/en\\\/cookies-policy\\\/#breadcrumb\"},\"inLanguage\":\"en-US\",\"potentialAction\":[{\"@type\":\"ReadAction\",\"target\":[\"https:\\\/\\\/fundacionpalarq.com\\\/en\\\/cookies-policy\\\/\"]}]},{\"@type\":\"BreadcrumbList\",\"@id\":\"https:\\\/\\\/fundacionpalarq.com\\\/en\\\/cookies-policy\\\/#breadcrumb\",\"itemListElement\":[{\"@type\":\"ListItem\",\"position\":1,\"name\":\"Portada\",\"item\":\"https:\\\/\\\/fundacionpalarq.com\\\/en\\\/\"},{\"@type\":\"ListItem\",\"position\":2,\"name\":\"Cookies policy\"}]},{\"@type\":\"WebSite\",\"@id\":\"https:\\\/\\\/fundacionpalarq.com\\\/en\\\/#website\",\"url\":\"https:\\\/\\\/fundacionpalarq.com\\\/en\\\/\",\"name\":\"Fundaci\u00f3n Palarq\",\"description\":\"\",\"publisher\":{\"@id\":\"https:\\\/\\\/fundacionpalarq.com\\\/en\\\/#organization\"},\"potentialAction\":[{\"@type\":\"SearchAction\",\"target\":{\"@type\":\"EntryPoint\",\"urlTemplate\":\"https:\\\/\\\/fundacionpalarq.com\\\/en\\\/?s={search_term_string}\"},\"query-input\":{\"@type\":\"PropertyValueSpecification\",\"valueRequired\":true,\"valueName\":\"search_term_string\"}}],\"inLanguage\":\"en-US\"},{\"@type\":\"Organization\",\"@id\":\"https:\\\/\\\/fundacionpalarq.com\\\/en\\\/#organization\",\"name\":\"Fundaci\u00f3n Palarq\",\"url\":\"https:\\\/\\\/fundacionpalarq.com\\\/en\\\/\",\"logo\":{\"@type\":\"ImageObject\",\"inLanguage\":\"en-US\",\"@id\":\"https:\\\/\\\/fundacionpalarq.com\\\/en\\\/#\\\/schema\\\/logo\\\/image\\\/\",\"url\":\"https:\\\/\\\/fundacionpalarq.com\\\/wp-content\\\/uploads\\\/2020\\\/03\\\/logo.png\",\"contentUrl\":\"https:\\\/\\\/fundacionpalarq.com\\\/wp-content\\\/uploads\\\/2020\\\/03\\\/logo.png\",\"width\":560,\"height\":318,\"caption\":\"Fundaci\u00f3n Palarq\"},\"image\":{\"@id\":\"https:\\\/\\\/fundacionpalarq.com\\\/en\\\/#\\\/schema\\\/logo\\\/image\\\/\"},\"sameAs\":[\"https:\\\/\\\/www.facebook.com\\\/FundacionPalarq\",\"https:\\\/\\\/x.com\\\/FundacionPalarq\",\"https:\\\/\\\/www.instagram.com\\\/fpalarq\\\/?hl=es\",\"https:\\\/\\\/www.linkedin.com\\\/company\\\/27123417\\\/\",\"https:\\\/\\\/www.youtube.com\\\/channel\\\/UCeatjA-7IA7dgRNORqhwVQA\\\/videos\"]}]}<\/script>\n<!-- \/ Yoast SEO plugin. -->","yoast_head_json":{"title":"Cookies policy - Fundaci\u00f3n Palarq","robots":{"index":"index","follow":"follow","max-snippet":"max-snippet:-1","max-image-preview":"max-image-preview:large","max-video-preview":"max-video-preview:-1"},"canonical":"https:\/\/fundacionpalarq.com\/en\/cookies-policy\/","og_locale":"en_US","og_type":"article","og_title":"Cookies policy - Fundaci\u00f3n Palarq","og_description":"Esta web utiliza cookies propias y de terceros para para las finalidades que se detallan m\u00e1s adelante en la relaci\u00f3n de cookies de esta web. Nuestra Pol\u00edtica de Cookies est\u00e1 sujeta a actualizaciones peri\u00f3dicas. Su prop\u00f3sito es ayudarle a comprender el uso que hacemos de las cookies, la finalidad de las cookies utilizadas, as\u00ed como&hellip;","og_url":"https:\/\/fundacionpalarq.com\/en\/cookies-policy\/","og_site_name":"Fundaci\u00f3n Palarq","article_publisher":"https:\/\/www.facebook.com\/FundacionPalarq","article_modified_time":"2021-02-03T12:53:03+00:00","twitter_card":"summary_large_image","twitter_site":"@FundacionPalarq","twitter_misc":{"Est. reading time":"6 minutes"},"schema":{"@context":"https:\/\/schema.org","@graph":[{"@type":"WebPage","@id":"https:\/\/fundacionpalarq.com\/en\/cookies-policy\/","url":"https:\/\/fundacionpalarq.com\/en\/cookies-policy\/","name":"Cookies policy - Fundaci\u00f3n Palarq","isPartOf":{"@id":"https:\/\/fundacionpalarq.com\/en\/#website"},"datePublished":"2018-05-18T17:00:06+00:00","dateModified":"2021-02-03T12:53:03+00:00","breadcrumb":{"@id":"https:\/\/fundacionpalarq.com\/en\/cookies-policy\/#breadcrumb"},"inLanguage":"en-US","potentialAction":[{"@type":"ReadAction","target":["https:\/\/fundacionpalarq.com\/en\/cookies-policy\/"]}]},{"@type":"BreadcrumbList","@id":"https:\/\/fundacionpalarq.com\/en\/cookies-policy\/#breadcrumb","itemListElement":[{"@type":"ListItem","position":1,"name":"Portada","item":"https:\/\/fundacionpalarq.com\/en\/"},{"@type":"ListItem","position":2,"name":"Cookies policy"}]},{"@type":"WebSite","@id":"https:\/\/fundacionpalarq.com\/en\/#website","url":"https:\/\/fundacionpalarq.com\/en\/","name":"Fundaci\u00f3n Palarq","description":"","publisher":{"@id":"https:\/\/fundacionpalarq.com\/en\/#organization"},"potentialAction":[{"@type":"SearchAction","target":{"@type":"EntryPoint","urlTemplate":"https:\/\/fundacionpalarq.com\/en\/?s={search_term_string}"},"query-input":{"@type":"PropertyValueSpecification","valueRequired":true,"valueName":"search_term_string"}}],"inLanguage":"en-US"},{"@type":"Organization","@id":"https:\/\/fundacionpalarq.com\/en\/#organization","name":"Fundaci\u00f3n Palarq","url":"https:\/\/fundacionpalarq.com\/en\/","logo":{"@type":"ImageObject","inLanguage":"en-US","@id":"https:\/\/fundacionpalarq.com\/en\/#\/schema\/logo\/image\/","url":"https:\/\/fundacionpalarq.com\/wp-content\/uploads\/2020\/03\/logo.png","contentUrl":"https:\/\/fundacionpalarq.com\/wp-content\/uploads\/2020\/03\/logo.png","width":560,"height":318,"caption":"Fundaci\u00f3n Palarq"},"image":{"@id":"https:\/\/fundacionpalarq.com\/en\/#\/schema\/logo\/image\/"},"sameAs":["https:\/\/www.facebook.com\/FundacionPalarq","https:\/\/x.com\/FundacionPalarq","https:\/\/www.instagram.com\/fpalarq\/?hl=es","https:\/\/www.linkedin.com\/company\/27123417\/","https:\/\/www.youtube.com\/channel\/UCeatjA-7IA7dgRNORqhwVQA\/videos"]}]}},"_links":{"self":[{"href":"https:\/\/fundacionpalarq.com\/en\/wp-json\/wp\/v2\/pages\/2825","targetHints":{"allow":["GET"]}}],"collection":[{"href":"https:\/\/fundacionpalarq.com\/en\/wp-json\/wp\/v2\/pages"}],"about":[{"href":"https:\/\/fundacionpalarq.com\/en\/wp-json\/wp\/v2\/types\/page"}],"author":[{"embeddable":true,"href":"https:\/\/fundacionpalarq.com\/en\/wp-json\/wp\/v2\/users\/1"}],"replies":[{"embeddable":true,"href":"https:\/\/fundacionpalarq.com\/en\/wp-json\/wp\/v2\/comments?post=2825"}],"version-history":[{"count":0,"href":"https:\/\/fundacionpalarq.com\/en\/wp-json\/wp\/v2\/pages\/2825\/revisions"}],"wp:attachment":[{"href":"https:\/\/fundacionpalarq.com\/en\/wp-json\/wp\/v2\/media?parent=2825"}],"curies":[{"name":"wp","href":"https:\/\/api.w.org\/{rel}","templated":true}]}}